{"id":914,"date":"2019-03-11T14:29:24","date_gmt":"2019-03-11T13:29:24","guid":{"rendered":"https:\/\/ferme-brochier05.fr\/?page_id=914"},"modified":"2019-03-11T15:14:32","modified_gmt":"2019-03-11T14:14:32","slug":"conseils-sur-lelevage","status":"publish","type":"page","link":"https:\/\/ferme-brochier05.fr\/index.php\/conseils-sur-lelevage\/","title":{"rendered":"Conseils sur l&rsquo;\u00e9levage de vos volailles"},"content":{"rendered":"\n<p><strong><em>Avant d\u2019acheter des volailles, assurez-vous de leur pr\u00e9parer un endroit o\u00f9 elles se sentiront en s\u00e9curit\u00e9 et \u00e0 l\u2019abri des intemp\u00e9ries.<\/em><\/strong><\/p>\n\n\n\n<h2 class=\"wp-block-heading\">Le poulailler<\/h2>\n\n\n\n<p>Le poulailler est un endroit tr\u00e8s important pour le bien-\u00eatre de vos poules. Elles ne doivent pas se sentir trop \u00e0 l\u2019\u00e9troit aussi nous vous conseillons une surface int\u00e9rieure de 0,3 \u00e0 0,4 m<sup>2 <\/sup>par poule, en ext\u00e9rieur pr\u00e9voyez 4 \u00e0 5 m<sup>2<\/sup> par&nbsp;pondeuse.<\/p>\n\n\n\n<p>Si elles sont trop nombreuses, vos poules risquent de se stresser, de moins pondre et surtout de se manger entre elles.<br>Pensez au perchoir&nbsp;! Les poules aiment \u00eatre en hauteur, mais pas trop haut quand m\u00eame, l\u2019id\u00e9al c\u2019est 20 cm du sol et pour les \u0153ufs des pondoirs environ 1 pour 4 poules.<\/p>\n\n\n\n<p>Afin de prot\u00e9ger vos poules des nuisibles, pensez \u00e0 mettre un grillage en maille fine.<\/p>\n\n\n\n<p>Mettez de la paille ou des copeaux de bois dans les nids, mais \u00e9galement par terre, les poules adorent chercher et gratter. Il leur faut un endroit sec et propre, \u00e0 renouveler de temps \u00e0 temps.<\/p>\n\n\n\n<h2 class=\"wp-block-heading\">Le nettoyage<\/h2>\n\n\n\n<p>Le poulailler doit&nbsp; rester propre et \u00eatre nettoy\u00e9 fr\u00e9quement. Ainsi vous \u00e9viterez des probl\u00e8mes sanitaires. C\u2019est l\u00e0 aussi un point important pour le bien \u00eatre et la sant\u00e9 de vos poules pondeuses.<\/p>\n\n\n\n<p>Pour cela, il faut tout d&rsquo;abord sortir tout le petit mat\u00e9riel puis enlever enti\u00e8rement la liti\u00e8re que vous pouvez mettre dans vos jardins ou dans vos plantes.<\/p>\n\n\n\n<p>Laver le poulailler avec un jet d\u2019eau \u00e0 haute pression, l\u2019id\u00e9al est de d\u00e9sinfecter avec de la Chaux Vive ou du Gr\u00e9sil (attention de bien respecter les doses).<\/p>\n\n\n\n<p>Laisser s\u00e9cher une journ\u00e9e et pr\u00e9parer la nouvelle liti\u00e8re avec de la paille ou des copeaux propres.<\/p>\n\n\n\n<p>Nettoyez aussi le petit mat\u00e9riel puis rincez-le avant d\u2019y pulv\u00e9riser un d\u00e9sinfectant.<\/p>\n\n\n\n<h2 class=\"wp-block-heading\">Les poules pondeuses<\/h2>\n\n\n\n<p>La poule pondeuse commence \u00e0 pondre ses premiers \u0153ufs \u00e0 partir de 20 semaines.<\/p>\n\n\n\n<p>Le terme exact pour une jeune poule pondeuse est poulette pr\u00eate \u00e0 pondre.&nbsp;La poule pondeuse porte bien son nom. C\u2019est une souche qui est exclusivement d\u00e9di\u00e9e \u00e0 la fabrication d\u2019\u0153ufs.<\/p>\n\n\n\n<p>Son poids sera plus l\u00e9ger qu\u2019une souche de chair, plus lourde et uniquement \u00e0 consid\u00e9rer pour ses qualit\u00e9s et ses vertus gustatives.&nbsp;Son poids, sa g\u00e9n\u00e9tique lui permettra de produire plus d\u2019\u0153ufs que n\u2019importe quelle autre poule.<\/p>\n\n\n\n<h2 class=\"wp-block-heading\">La ponte<\/h2>\n\n\n\n<p>La ponte se fait sur environ 12 mois. Pendant cette p\u00e9riode, la ponte sera r\u00e9guli\u00e8re, ensuite elle sera de moins en moins importante suivant l\u2019\u00e2ge de la poule.<\/p>\n\n\n\n<p>En d\u00e9but de ponte, le calibre des \u0153ufs est plus petit, et la coquille parfois fragile mais ils grossiront progressivement.<\/p>\n\n\n\n<p>Un stress chez la poule peut provoquer un arr\u00eat de la ponde pendant quelques jours (changement climatique, diminution de la lumi\u00e8re, changement d\u2019alimentation, bruit \u2026)<\/p>\n\n\n\n<p>L&rsquo;alimentation de la poule est tr\u00e8s importante pour sa sant\u00e9, sa ponte et le calibre des \u0153ufs.<\/p>\n\n\n\n<p>Ils arrivent parfois que des poules se mettent \u00e0 couver m\u00eame si vous n&rsquo;avez pas de coq dans la basse-cour. Votre poule pondeuse peut&nbsp; se d\u00e9cider du jour au lendemain \u00e0 rester sur le nid toute la journ\u00e9e. Elle attendra une \u00e9closion qui, dans le cas o\u00f9 vous n\u2019avez pas de coq, n\u2019arrivera bien \u00e9videment jamais.&nbsp; Elle s&rsquo;alimentera moins et ne sortira qu&rsquo;\u00e0 de rares moments. Vous pouvez l&rsquo;isoler des autres pendant quelques jours, mais il est inutile de forcer la nature d&rsquo;une fa\u00e7on ou d&rsquo;une autre pour cesser sa couvaison.<\/p>\n\n\n\n<p>Laissez la nature faire son \u0153uvre et au bout de\u00a03 semaines \u00e0<strong> <\/strong>un mois\u00a0elle doit reprendre son rythme habituel.<\/p>\n\n\n\n<p>Une poule peut parfois mettre quelques jours avant de s\u2019adapter \u00e0 son nouvel environnement et de ce fait ne pondra pas tout de suite. Laissez-lui le temps de faire connaissance avec son entourage.<\/p>\n\n\n\n<h2 class=\"wp-block-heading\">L&rsquo;alimentation<\/h2>\n\n\n\n<p>Une bonne alimentation de vos poules permettra d\u2019avoir un rendement important de vos \u0153ufs.<\/p>\n\n\n\n<p>Afin d\u2019am\u00e9liorer le d\u00e9marrage de la ponte et afin d\u2019en assurer la continuit\u00e9, nous vous conseillons de distribuer un aliment complet \u00e0 base de c\u00e9r\u00e9ales riche en \u00e9nergie mais pauvre en prot\u00e9ines et de tourteaux de soja source de prot\u00e9ines indispensable \u00e0 la production d\u2019un \u0153uf. Privil\u00e9giez un m\u00e9lange type farine plut\u00f4t que des granul\u00e9s. Vous pouvez remplacer l\u2019apport en soja par d\u2019autres sources de prot\u00e9ines tel que le pois, la f\u00e9verole ou le tournesol.<\/p>\n\n\n\n<p>Attention en rien cela ne remplacera le soja, qui reste la c\u00e9r\u00e9ale la plus prot\u00e9in\u00e9e.<\/p>\n\n\n\n<p>Vous pouvez aussi faire votre m\u00e9lange d\u2019aliments broy\u00e9s ou concass\u00e9s en respectant certaines proportions :\u00a045 % bl\u00e9, 30 % ma\u00efs, tourteaux soja 25 %<\/p>\n\n\n\n<p>La poule consomme certains restes de table mais cela ne doit pas constituer la base de la ration journali\u00e8re.<\/p>\n\n\n\n<p>Pensez \u00e0 donner vos \u00e9pluchures et d\u00e9chets mais certains d\u00e9chets sont \u00e0 \u00e9viter&nbsp;: pomme de terre verte, \u00e9pluchures d\u2019oignons, bananes, kiwis et agrumes. Les poules aiment bien la viande \u00e9galement.<\/p>\n\n\n\n<p>Il peut arriver que vos poules se piquent, cela signifie qu\u2019elles sont en carence de prot\u00e9ines, donc mal aliment\u00e9es.<\/p>\n\n\n\n<h2 class=\"wp-block-heading\">L&rsquo;eau<\/h2>\n\n\n\n<p>L\u2019eau est &nbsp;\u00e9galement un \u00e9l\u00e9ment important. Pensez \u00e0 la renouveler souvent et \u00e0 nettoyer l&rsquo;abreuvoir.<\/p>\n\n\n\n<p>Pensez \u00e0 changer souvent l&rsquo;eau de vos poules pondeuses pendant l\u2019\u00e9t\u00e9. Il faut qu&rsquo;elle reste \u00e0 temp\u00e9rature fraiche pour que les animaux continuent de bien boire. Une eau ti\u00e9die sera plus contamin\u00e9e et moins consomm\u00e9e et la poule perdra en app\u00e9tit. En hiver, veillez \u00e0 ce que le gel ne vienne pas perturber l&rsquo;abreuvement de vos poules pondeuses.<\/p>\n\n\n\n<h2 class=\"wp-block-heading\">Vermifuge&nbsp;:<\/h2>\n\n\n\n<p>Vos volailles peuvent \u00eatre vermifug\u00e9es une \u00e0 deux fois par an.<\/p>\n\n\n\n<p>Demandez conseil \u00e0 votre v\u00e9t\u00e9rinaire qui peut vous proposer des solutions naturelles.&nbsp;Attention certains vermifuges emp\u00eachent la consommation d\u2019\u0153ufs, renseignez vous aupr\u00e8s de votre v\u00e9t\u00e9rinaire.<\/p>\n\n\n\n<h2 class=\"wp-block-heading\">Introduire de nouvelles poules dans votre \u00e9levage<\/h2>\n\n\n\n<p>Pour int\u00e9grer vos nouvelles poules \u00e0 d&rsquo;anciennes, nous vous conseillons de les enfermer toutes ensemble la nuit.<\/p>\n\n\n\n<p>La poule pondeuse s&rsquo;av\u00e8re \u00eatre un animal de compagnie tout \u00e0 fait familier.\u00a0Il n\u2019y a pas de souche plus gentille ou docile qu\u2019une autre, la qualit\u00e9 de l\u2019\u00e9levage prime. Si votre \u00e9leveur remplit sa partie du contrat tout porte \u00e0 croire que vous aurez des animaux sereins et faciles \u00e0 \u00e9lever.<\/p>\n\n\n\n<p>Attention les animaux ne sont pas des machines, laissez leurs le temps de s\u2019adapter. Certaines ont besoin de plus de temps que d\u2019autres.<\/p>\n\n\n\n<p><em>Nous sommes bien \u00e9videment \u00e0 votre disposition pour vous conseiller<\/em><\/p>\n","protected":false},"excerpt":{"rendered":"<p>Avant d\u2019acheter des volailles, assurez-vous de leur pr\u00e9parer un endroit o\u00f9 elles se sentiront en s\u00e9curit\u00e9 et \u00e0 l\u2019abri des intemp\u00e9ries. Le poulailler Le poulailler est un endroit tr\u00e8s important pour le bien-\u00eatre de vos poules. Elles ne doivent pas se sentir trop \u00e0 l\u2019\u00e9troit aussi nous vous conseillons une surface int\u00e9rieure de 0,3 \u00e0 &hellip; <\/p>\n<p class=\"link-more\"><a href=\"https:\/\/ferme-brochier05.fr\/index.php\/conseils-sur-lelevage\/\" class=\"more-link\">Continuer la lecture<span class=\"screen-reader-text\"> de &laquo;&nbsp;Conseils sur l&rsquo;\u00e9levage de vos volailles&nbsp;&raquo;<\/span><\/a><\/p>\n","protected":false},"author":1,"featured_media":0,"parent":0,"menu_order":0,"comment_status":"closed","ping_status":"closed","template":"","meta":{"footnotes":""},"class_list":["post-914","page","type-page","status-publish","hentry"],"yoast_head":"<!-- This site is optimized with the Yoast SEO plugin v15.9.2 - https:\/\/yoast.com\/wordpress\/plugins\/seo\/ -->\n<title>Conseils sur l&#039;\u00e9levage de vos volailles - Des poules dans mon jardin<\/title>\n<meta name=\"description\" content=\"Avant d\u2019acheter des volailles, assurez-vous de leur pr\u00e9parer un endroit o\u00f9 elles se sentiront en s\u00e9curit\u00e9 et \u00e0 l\u2019abri des intemp\u00e9ries.\" \/>\n<link rel=\"canonical\" href=\"https:\/\/ferme-brochier05.fr\/index.php\/conseils-sur-lelevage\/\" \/>\n<meta property=\"og:locale\" content=\"fr_FR\" \/>\n<meta property=\"og:type\" content=\"article\" \/>\n<meta property=\"og:title\" content=\"Conseils sur l&#039;\u00e9levage de vos volailles - Des poules dans mon jardin\" \/>\n<meta property=\"og:description\" content=\"Avant d\u2019acheter des volailles, assurez-vous de leur pr\u00e9parer un endroit o\u00f9 elles se sentiront en s\u00e9curit\u00e9 et \u00e0 l\u2019abri des intemp\u00e9ries.\" \/>\n<meta property=\"og:url\" content=\"https:\/\/ferme-brochier05.fr\/index.php\/conseils-sur-lelevage\/\" \/>\n<meta property=\"og:site_name\" content=\"Des poules dans mon jardin\" \/>\n<meta property=\"article:modified_time\" content=\"2019-03-11T14:14:32+00:00\" \/>\n<meta name=\"twitter:card\" content=\"summary_large_image\" \/>\n<meta name=\"twitter:label1\" content=\"Dur\u00e9e de lecture est.\">\n\t<meta name=\"twitter:data1\" content=\"6 minutes\">\n<script type=\"application\/ld+json\" class=\"yoast-schema-graph\">{\"@context\":\"https:\/\/schema.org\",\"@graph\":[{\"@type\":\"WebSite\",\"@id\":\"https:\/\/ferme-brochier05.fr\/#website\",\"url\":\"https:\/\/ferme-brochier05.fr\/\",\"name\":\"Des poules dans mon jardin\",\"description\":\"Bienvenue \\u00e0 la Ferme Avicole BROCHIER\",\"potentialAction\":[{\"@type\":\"SearchAction\",\"target\":\"https:\/\/ferme-brochier05.fr\/?s={search_term_string}\",\"query-input\":\"required name=search_term_string\"}],\"inLanguage\":\"fr-FR\"},{\"@type\":\"WebPage\",\"@id\":\"https:\/\/ferme-brochier05.fr\/index.php\/conseils-sur-lelevage\/#webpage\",\"url\":\"https:\/\/ferme-brochier05.fr\/index.php\/conseils-sur-lelevage\/\",\"name\":\"Conseils sur l'\\u00e9levage de vos volailles - Des poules dans mon jardin\",\"isPartOf\":{\"@id\":\"https:\/\/ferme-brochier05.fr\/#website\"},\"datePublished\":\"2019-03-11T13:29:24+00:00\",\"dateModified\":\"2019-03-11T14:14:32+00:00\",\"description\":\"Avant d\\u2019acheter des volailles, assurez-vous de leur pr\\u00e9parer un endroit o\\u00f9 elles se sentiront en s\\u00e9curit\\u00e9 et \\u00e0 l\\u2019abri des intemp\\u00e9ries.\",\"breadcrumb\":{\"@id\":\"https:\/\/ferme-brochier05.fr\/index.php\/conseils-sur-lelevage\/#breadcrumb\"},\"inLanguage\":\"fr-FR\",\"potentialAction\":[{\"@type\":\"ReadAction\",\"target\":[\"https:\/\/ferme-brochier05.fr\/index.php\/conseils-sur-lelevage\/\"]}]},{\"@type\":\"BreadcrumbList\",\"@id\":\"https:\/\/ferme-brochier05.fr\/index.php\/conseils-sur-lelevage\/#breadcrumb\",\"itemListElement\":[{\"@type\":\"ListItem\",\"position\":1,\"item\":{\"@type\":\"WebPage\",\"@id\":\"https:\/\/ferme-brochier05.fr\/\",\"url\":\"https:\/\/ferme-brochier05.fr\/\",\"name\":\"Accueil\"}},{\"@type\":\"ListItem\",\"position\":2,\"item\":{\"@type\":\"WebPage\",\"@id\":\"https:\/\/ferme-brochier05.fr\/index.php\/conseils-sur-lelevage\/\",\"url\":\"https:\/\/ferme-brochier05.fr\/index.php\/conseils-sur-lelevage\/\",\"name\":\"Conseils sur l&rsquo;\\u00e9levage de vos volailles\"}}]}]}<\/script>\n<!-- \/ Yoast SEO plugin. -->","_links":{"self":[{"href":"https:\/\/ferme-brochier05.fr\/index.php\/wp-json\/wp\/v2\/pages\/914","targetHints":{"allow":["GET"]}}],"collection":[{"href":"https:\/\/ferme-brochier05.fr\/index.php\/wp-json\/wp\/v2\/pages"}],"about":[{"href":"https:\/\/ferme-brochier05.fr\/index.php\/wp-json\/wp\/v2\/types\/page"}],"author":[{"embeddable":true,"href":"https:\/\/ferme-brochier05.fr\/index.php\/wp-json\/wp\/v2\/users\/1"}],"replies":[{"embeddable":true,"href":"https:\/\/ferme-brochier05.fr\/index.php\/wp-json\/wp\/v2\/comments?post=914"}],"version-history":[{"count":7,"href":"https:\/\/ferme-brochier05.fr\/index.php\/wp-json\/wp\/v2\/pages\/914\/revisions"}],"predecessor-version":[{"id":936,"href":"https:\/\/ferme-brochier05.fr\/index.php\/wp-json\/wp\/v2\/pages\/914\/revisions\/936"}],"wp:attachment":[{"href":"https:\/\/ferme-brochier05.fr\/index.php\/wp-json\/wp\/v2\/media?parent=914"}],"curies":[{"name":"wp","href":"https:\/\/api.w.org\/{rel}","templated":true}]}}