{"id":842,"date":"2019-03-08T15:19:08","date_gmt":"2019-03-08T14:19:08","guid":{"rendered":"https:\/\/ferme-brochier05.fr\/?page_id=842"},"modified":"2026-04-03T11:24:47","modified_gmt":"2026-04-03T09:24:47","slug":"accueil","status":"publish","type":"page","link":"https:\/\/ferme-brochier05.fr\/","title":{"rendered":"Accueil"},"content":{"rendered":"\n<p>Au c\u0153ur du Champsaur, dans les Hautes-Alpes, notre \u00e9levage familial profond\u00e9ment attach\u00e9 au terroir, est engag\u00e9 dans une d\u00e9marche avicole raisonn\u00e9e .<\/p>\n\n\n<div id=\"pl-gb842-69e4377a41eef\"  class=\"panel-layout\" ><div id=\"pg-gb842-69e4377a41eef-0\"  class=\"panel-grid panel-no-style\" ><div id=\"pgc-gb842-69e4377a41eef-0-0\"  class=\"panel-grid-cell\" ><div id=\"panel-gb842-69e4377a41eef-0-0-0\" class=\"so-panel widget widget_sow-image panel-first-child\" data-index=\"0\" ><div\n\t\t\t\n\t\t\tclass=\"so-widget-sow-image so-widget-sow-image-default-113ccd71f3e6-842\"\n\t\t\t\n\t\t><h3 class=\"widget-title\">LES POULES<\/h3>\n<div class=\"sow-image-container\">\n\t\t\t<a href=\"https:\/\/ferme-brochier05.fr\/index.php\/les-poules-pondeuses-2\/\"\n\t\t\t\t\t>\n\t\t\t<img \n\tsrc=\"https:\/\/ferme-brochier05.fr\/wp-content\/uploads\/2018\/09\/poules-512x512-3.jpg\" width=\"512\" height=\"512\" srcset=\"https:\/\/ferme-brochier05.fr\/wp-content\/uploads\/2018\/09\/poules-512x512-3.jpg 512w, https:\/\/ferme-brochier05.fr\/wp-content\/uploads\/2018\/09\/poules-512x512-3-150x150.jpg 150w, https:\/\/ferme-brochier05.fr\/wp-content\/uploads\/2018\/09\/poules-512x512-3-300x300.jpg 300w\" sizes=\"(max-width: 512px) 100vw, 512px\" title=\"LES POULES\" alt=\"\" \t\tclass=\"so-widget-image\"\/>\n\t\t\t<\/a><\/div>\n\n<\/div><\/div><div id=\"panel-gb842-69e4377a41eef-0-0-1\" class=\"so-panel widget widget_sow-image panel-last-child\" data-index=\"1\" ><div\n\t\t\t\n\t\t\tclass=\"so-widget-sow-image so-widget-sow-image-default-113ccd71f3e6-842\"\n\t\t\t\n\t\t><h3 class=\"widget-title\">LES CANARDS<\/h3>\n<div class=\"sow-image-container\">\n\t\t\t<a href=\"https:\/\/ferme-brochier05.fr\/index.php\/les-canards\/\"\n\t\t\t\t\t>\n\t\t\t<img \n\tsrc=\"https:\/\/ferme-brochier05.fr\/wp-content\/uploads\/2018\/10\/FERME-AVICOLE-canard-de-barbarie-512X512.jpg\" width=\"350\" height=\"350\" srcset=\"https:\/\/ferme-brochier05.fr\/wp-content\/uploads\/2018\/10\/FERME-AVICOLE-canard-de-barbarie-512X512.jpg 350w, https:\/\/ferme-brochier05.fr\/wp-content\/uploads\/2018\/10\/FERME-AVICOLE-canard-de-barbarie-512X512-150x150.jpg 150w, https:\/\/ferme-brochier05.fr\/wp-content\/uploads\/2018\/10\/FERME-AVICOLE-canard-de-barbarie-512X512-300x300.jpg 300w, https:\/\/ferme-brochier05.fr\/wp-content\/uploads\/2018\/10\/FERME-AVICOLE-canard-de-barbarie-512X512-100x100.jpg 100w\" sizes=\"(max-width: 350px) 100vw, 350px\" title=\"LES CANARDS\" alt=\"\" \t\tclass=\"so-widget-image\"\/>\n\t\t\t<\/a><\/div>\n\n<\/div><\/div><\/div><div id=\"pgc-gb842-69e4377a41eef-0-1\"  class=\"panel-grid-cell\" ><div id=\"panel-gb842-69e4377a41eef-0-1-0\" class=\"so-panel widget widget_sow-image panel-first-child\" data-index=\"2\" ><div\n\t\t\t\n\t\t\tclass=\"so-widget-sow-image so-widget-sow-image-default-113ccd71f3e6-842\"\n\t\t\t\n\t\t><h3 class=\"widget-title\">LES POULETS<\/h3>\n<div class=\"sow-image-container\">\n\t\t\t<a href=\"https:\/\/ferme-brochier05.fr\/index.php\/les-poulets\/\"\n\t\t\t\t\t>\n\t\t\t<img \n\tsrc=\"https:\/\/ferme-brochier05.fr\/wp-content\/uploads\/2018\/09\/POULETS-512x512-1.jpg\" width=\"512\" height=\"512\" srcset=\"https:\/\/ferme-brochier05.fr\/wp-content\/uploads\/2018\/09\/POULETS-512x512-1.jpg 512w, https:\/\/ferme-brochier05.fr\/wp-content\/uploads\/2018\/09\/POULETS-512x512-1-150x150.jpg 150w, https:\/\/ferme-brochier05.fr\/wp-content\/uploads\/2018\/09\/POULETS-512x512-1-300x300.jpg 300w\" sizes=\"(max-width: 512px) 100vw, 512px\" title=\"LES POULETS\" alt=\"\" \t\tclass=\"so-widget-image\"\/>\n\t\t\t<\/a><\/div>\n\n<\/div><\/div><div id=\"panel-gb842-69e4377a41eef-0-1-1\" class=\"so-panel widget widget_sow-image panel-last-child\" data-index=\"3\" ><div\n\t\t\t\n\t\t\tclass=\"so-widget-sow-image so-widget-sow-image-default-113ccd71f3e6-842\"\n\t\t\t\n\t\t><h3 class=\"widget-title\">LES OIES<\/h3>\n<div class=\"sow-image-container\">\n\t\t\t<a href=\"https:\/\/ferme-brochier05.fr\/index.php\/les-oies\/\"\n\t\t\t\t\t>\n\t\t\t<img \n\tsrc=\"https:\/\/ferme-brochier05.fr\/wp-content\/uploads\/2019\/02\/FERME-AVICOLE-BROCHIER-OIE-BLANCHE-512X512.jpg\" width=\"350\" height=\"350\" srcset=\"https:\/\/ferme-brochier05.fr\/wp-content\/uploads\/2019\/02\/FERME-AVICOLE-BROCHIER-OIE-BLANCHE-512X512.jpg 350w, https:\/\/ferme-brochier05.fr\/wp-content\/uploads\/2019\/02\/FERME-AVICOLE-BROCHIER-OIE-BLANCHE-512X512-150x150.jpg 150w, https:\/\/ferme-brochier05.fr\/wp-content\/uploads\/2019\/02\/FERME-AVICOLE-BROCHIER-OIE-BLANCHE-512X512-300x300.jpg 300w, https:\/\/ferme-brochier05.fr\/wp-content\/uploads\/2019\/02\/FERME-AVICOLE-BROCHIER-OIE-BLANCHE-512X512-100x100.jpg 100w\" sizes=\"(max-width: 350px) 100vw, 350px\" title=\"LES OIES\" alt=\"\" \t\tclass=\"so-widget-image\"\/>\n\t\t\t<\/a><\/div>\n\n<\/div><\/div><\/div><div id=\"pgc-gb842-69e4377a41eef-0-2\"  class=\"panel-grid-cell\" ><div id=\"panel-gb842-69e4377a41eef-0-2-0\" class=\"so-panel widget widget_sow-image panel-first-child\" data-index=\"4\" ><div\n\t\t\t\n\t\t\tclass=\"so-widget-sow-image so-widget-sow-image-default-113ccd71f3e6-842\"\n\t\t\t\n\t\t><h3 class=\"widget-title\">LES PINTADES<\/h3>\n<div class=\"sow-image-container\">\n\t\t\t<a href=\"https:\/\/ferme-brochier05.fr\/index.php\/les-pintades\/\"\n\t\t\t\t\t>\n\t\t\t<img \n\tsrc=\"https:\/\/ferme-brochier05.fr\/wp-content\/uploads\/2018\/09\/dindes-512x512.jpg\" width=\"512\" height=\"512\" srcset=\"https:\/\/ferme-brochier05.fr\/wp-content\/uploads\/2018\/09\/dindes-512x512.jpg 512w, https:\/\/ferme-brochier05.fr\/wp-content\/uploads\/2018\/09\/dindes-512x512-150x150.jpg 150w, https:\/\/ferme-brochier05.fr\/wp-content\/uploads\/2018\/09\/dindes-512x512-300x300.jpg 300w\" sizes=\"(max-width: 512px) 100vw, 512px\" title=\"LES PINTADES\" alt=\"\" \t\tclass=\"so-widget-image\"\/>\n\t\t\t<\/a><\/div>\n\n<\/div><\/div><div id=\"panel-gb842-69e4377a41eef-0-2-1\" class=\"so-panel widget widget_sow-image panel-last-child\" data-index=\"5\" ><div\n\t\t\t\n\t\t\tclass=\"so-widget-sow-image so-widget-sow-image-default-113ccd71f3e6-842\"\n\t\t\t\n\t\t><h3 class=\"widget-title\">LES DINDES<\/h3>\n<div class=\"sow-image-container\">\n\t\t\t<a href=\"https:\/\/ferme-brochier05.fr\/index.php\/les-dindes\/\"\n\t\t\t\t\t>\n\t\t\t<img \n\tsrc=\"https:\/\/ferme-brochier05.fr\/wp-content\/uploads\/2018\/09\/pintades-512x512-1.jpg\" width=\"512\" height=\"512\" srcset=\"https:\/\/ferme-brochier05.fr\/wp-content\/uploads\/2018\/09\/pintades-512x512-1.jpg 512w, https:\/\/ferme-brochier05.fr\/wp-content\/uploads\/2018\/09\/pintades-512x512-1-150x150.jpg 150w, https:\/\/ferme-brochier05.fr\/wp-content\/uploads\/2018\/09\/pintades-512x512-1-300x300.jpg 300w\" sizes=\"(max-width: 512px) 100vw, 512px\" title=\"LES DINDES\" alt=\"\" \t\tclass=\"so-widget-image\"\/>\n\t\t\t<\/a><\/div>\n\n<\/div><\/div><\/div><\/div><\/div>\n\n\n<p>Retrouvez-nous (<strong> <a href=\"https:\/\/ferme-brochier05.fr\/index.php\/au-marche\/\">agenda<\/a>)<\/strong>&nbsp; : En vente directe \u00e0 la ferme et sur les March\u00e9s : des poules pondeuses, des poulettes, des poulets, des canards, des oies, des pintades et des dindes vous y seront propos\u00e9s.<\/p>\n\n\n<div id=\"pl-gb842-69e4377a45c44\"  class=\"panel-layout\" ><div id=\"pg-gb842-69e4377a45c44-0\"  class=\"panel-grid panel-no-style\" ><div id=\"pgc-gb842-69e4377a45c44-0-0\"  class=\"panel-grid-cell\" ><div id=\"panel-gb842-69e4377a45c44-0-0-0\" class=\"so-panel widget widget_sow-image panel-first-child panel-last-child\" data-index=\"0\" ><div\n\t\t\t\n\t\t\tclass=\"so-widget-sow-image so-widget-sow-image-default-113ccd71f3e6-842\"\n\t\t\t\n\t\t>\n<div class=\"sow-image-container\">\n\t\t\t<a href=\"https:\/\/ferme-brochier05.fr\/index.php\/a-la-ferme\/\"\n\t\t\t\t\t>\n\t\t\t<img \n\tsrc=\"https:\/\/ferme-brochier05.fr\/wp-content\/uploads\/2019\/02\/ACCUEIL-FERME-2019.jpg\" width=\"680\" height=\"512\" srcset=\"https:\/\/ferme-brochier05.fr\/wp-content\/uploads\/2019\/02\/ACCUEIL-FERME-2019.jpg 680w, https:\/\/ferme-brochier05.fr\/wp-content\/uploads\/2019\/02\/ACCUEIL-FERME-2019-300x226.jpg 300w\" sizes=\"(max-width: 680px) 100vw, 680px\" title=\"A LA FERME\" alt=\"\" \t\tclass=\"so-widget-image\"\/>\n\t\t\t<\/a><\/div>\n\n<\/div><\/div><\/div><div id=\"pgc-gb842-69e4377a45c44-0-1\"  class=\"panel-grid-cell\" ><div id=\"panel-gb842-69e4377a45c44-0-1-0\" class=\"so-panel widget widget_sow-image panel-first-child panel-last-child\" data-index=\"1\" ><div\n\t\t\t\n\t\t\tclass=\"so-widget-sow-image so-widget-sow-image-default-113ccd71f3e6-842\"\n\t\t\t\n\t\t>\n<div class=\"sow-image-container\">\n\t\t\t<a href=\"https:\/\/ferme-brochier05.fr\/index.php\/au-marche\/\"\n\t\t\t\t\t>\n\t\t\t<img \n\tsrc=\"https:\/\/ferme-brochier05.fr\/wp-content\/uploads\/2019\/02\/ACCUEIL-MARCHE-680X512.jpg\" width=\"680\" height=\"512\" srcset=\"https:\/\/ferme-brochier05.fr\/wp-content\/uploads\/2019\/02\/ACCUEIL-MARCHE-680X512.jpg 680w, https:\/\/ferme-brochier05.fr\/wp-content\/uploads\/2019\/02\/ACCUEIL-MARCHE-680X512-300x226.jpg 300w\" sizes=\"(max-width: 680px) 100vw, 680px\" title=\"AU MARCHE\" alt=\"\" \t\tclass=\"so-widget-image\"\/>\n\t\t\t<\/a><\/div>\n\n<\/div><\/div><\/div><\/div><\/div>\n\n<p><span style=\"font-size: 1rem;\">Acheter\u00a0 une poule pondeuse ou tout autre volaille demande des soins et une attention particuli\u00e8re,. Afin de r\u00e9ussir votre \u00e9levage, nous vous donnons quelques <\/span><a style=\"font-size: 1rem;\" href=\"http:\/\/ferme-brochier05.fr\/index.php\/conseils\/\"><strong>conseils.<\/strong><\/a><\/p>\n<div id=\"pl-91\" class=\"panel-layout\">\n<div id=\"pg-91-4\" class=\"panel-grid panel-no-style\" data-style=\"{&quot;background_image_attachment&quot;:false,&quot;background_display&quot;:&quot;tile&quot;,&quot;cell_alignment&quot;:&quot;flex-start&quot;}\" data-ratio=\"1\" data-ratio-direction=\"right\" data-color-label=\"2\">\n<div id=\"pgc-91-4-0\" class=\"panel-grid-cell\" data-weight=\"1\">\n<div id=\"panel-91-4-0-0\" class=\"so-panel widget widget_sow-editor panel-first-child panel-last-child\" data-index=\"10\" data-style=\"{&quot;background_image_attachment&quot;:false,&quot;background_display&quot;:&quot;tile&quot;,&quot;margin&quot;:&quot;0px 0px 0px 0px&quot;}\">\n<div class=\"so-widget-sow-editor so-widget-sow-editor-base\">\n<div class=\"siteorigin-widget-tinymce textwidget\">\n<p><!-- \/wp:post-content --><\/p>\n<p><!-- wp:paragraph --><\/p>\n<p>Nous sommes \u00e0 votre disposition pour tout conseil afin de d\u00e9marrer au mieux votre \u00e9levage.<\/p>\n<\/div>\n<\/div>\n<\/div>\n<\/div>\n<\/div>\n<\/div>","protected":false},"excerpt":{"rendered":"<p>Au c\u0153ur du Champsaur, dans les Hautes-Alpes, notre \u00e9levage familial profond\u00e9ment attach\u00e9 au terroir, est engag\u00e9 dans une d\u00e9marche avicole raisonn\u00e9e . Retrouvez-nous ( agenda)&nbsp; : En vente directe \u00e0 la ferme et sur les March\u00e9s : des poules pondeuses, des poulettes, des poulets, des canards, des oies, des pintades et des dindes vous y &hellip; <\/p>\n<p class=\"link-more\"><a href=\"https:\/\/ferme-brochier05.fr\/\" class=\"more-link\">Continuer la lecture<span class=\"screen-reader-text\"> de &laquo;&nbsp;Accueil&nbsp;&raquo;<\/span><\/a><\/p>\n","protected":false},"author":1,"featured_media":0,"parent":0,"menu_order":0,"comment_status":"closed","ping_status":"closed","template":"","meta":{"footnotes":""},"class_list":["post-842","page","type-page","status-publish","hentry"],"yoast_head":"<!-- This site is optimized with the Yoast SEO plugin v15.9.2 - https:\/\/yoast.com\/wordpress\/plugins\/seo\/ -->\n<title>Accueil - Des poules dans mon jardin Des poules dans mon jardin %<\/title>\n<meta name=\"description\" content=\"Au c\u0153ur du Champsaur, dans les Hautes-Alpes, notre \u00e9levage familial profond\u00e9ment attach\u00e9 au terroir, est engag\u00e9 dans une d\u00e9marche avicole raisonn\u00e9e .\" \/>\n<link rel=\"canonical\" href=\"https:\/\/ferme-brochier05.fr\/\" \/>\n<meta property=\"og:locale\" content=\"fr_FR\" \/>\n<meta property=\"og:type\" content=\"article\" \/>\n<meta property=\"og:title\" content=\"Accueil - Des poules dans mon jardin Des poules dans mon jardin %\" \/>\n<meta property=\"og:description\" content=\"Au c\u0153ur du Champsaur, dans les Hautes-Alpes, notre \u00e9levage familial profond\u00e9ment attach\u00e9 au terroir, est engag\u00e9 dans une d\u00e9marche avicole raisonn\u00e9e .\" \/>\n<meta property=\"og:url\" content=\"https:\/\/ferme-brochier05.fr\/\" \/>\n<meta property=\"og:site_name\" content=\"Des poules dans mon jardin\" \/>\n<meta property=\"article:modified_time\" content=\"2026-04-03T09:24:47+00:00\" \/>\n<meta name=\"twitter:card\" content=\"summary_large_image\" \/>\n<meta name=\"twitter:label1\" content=\"Dur\u00e9e de lecture est.\">\n\t<meta name=\"twitter:data1\" content=\"1 minute\">\n<script type=\"application\/ld+json\" class=\"yoast-schema-graph\">{\"@context\":\"https:\/\/schema.org\",\"@graph\":[{\"@type\":\"WebSite\",\"@id\":\"https:\/\/ferme-brochier05.fr\/#website\",\"url\":\"https:\/\/ferme-brochier05.fr\/\",\"name\":\"Des poules dans mon jardin\",\"description\":\"Bienvenue \\u00e0 la Ferme Avicole BROCHIER\",\"potentialAction\":[{\"@type\":\"SearchAction\",\"target\":\"https:\/\/ferme-brochier05.fr\/?s={search_term_string}\",\"query-input\":\"required name=search_term_string\"}],\"inLanguage\":\"fr-FR\"},{\"@type\":\"WebPage\",\"@id\":\"https:\/\/ferme-brochier05.fr\/#webpage\",\"url\":\"https:\/\/ferme-brochier05.fr\/\",\"name\":\"Accueil - Des poules dans mon jardin Des poules dans mon jardin %\",\"isPartOf\":{\"@id\":\"https:\/\/ferme-brochier05.fr\/#website\"},\"datePublished\":\"2019-03-08T14:19:08+00:00\",\"dateModified\":\"2026-04-03T09:24:47+00:00\",\"description\":\"Au c\\u0153ur du Champsaur, dans les Hautes-Alpes, notre \\u00e9levage familial profond\\u00e9ment attach\\u00e9 au terroir, est engag\\u00e9 dans une d\\u00e9marche avicole raisonn\\u00e9e .\",\"breadcrumb\":{\"@id\":\"https:\/\/ferme-brochier05.fr\/#breadcrumb\"},\"inLanguage\":\"fr-FR\",\"potentialAction\":[{\"@type\":\"ReadAction\",\"target\":[\"https:\/\/ferme-brochier05.fr\/\"]}]},{\"@type\":\"BreadcrumbList\",\"@id\":\"https:\/\/ferme-brochier05.fr\/#breadcrumb\",\"itemListElement\":[{\"@type\":\"ListItem\",\"position\":1,\"item\":{\"@type\":\"WebPage\",\"@id\":\"https:\/\/ferme-brochier05.fr\/\",\"url\":\"https:\/\/ferme-brochier05.fr\/\",\"name\":\"Accueil\"}},{\"@type\":\"ListItem\",\"position\":2,\"item\":{\"@type\":\"WebPage\",\"@id\":\"https:\/\/ferme-brochier05.fr\/\",\"url\":\"https:\/\/ferme-brochier05.fr\/\",\"name\":\"Accueil\"}}]}]}<\/script>\n<!-- \/ Yoast SEO plugin. -->","_links":{"self":[{"href":"https:\/\/ferme-brochier05.fr\/index.php\/wp-json\/wp\/v2\/pages\/842","targetHints":{"allow":["GET"]}}],"collection":[{"href":"https:\/\/ferme-brochier05.fr\/index.php\/wp-json\/wp\/v2\/pages"}],"about":[{"href":"https:\/\/ferme-brochier05.fr\/index.php\/wp-json\/wp\/v2\/types\/page"}],"author":[{"embeddable":true,"href":"https:\/\/ferme-brochier05.fr\/index.php\/wp-json\/wp\/v2\/users\/1"}],"replies":[{"embeddable":true,"href":"https:\/\/ferme-brochier05.fr\/index.php\/wp-json\/wp\/v2\/comments?post=842"}],"version-history":[{"count":46,"href":"https:\/\/ferme-brochier05.fr\/index.php\/wp-json\/wp\/v2\/pages\/842\/revisions"}],"predecessor-version":[{"id":1058,"href":"https:\/\/ferme-brochier05.fr\/index.php\/wp-json\/wp\/v2\/pages\/842\/revisions\/1058"}],"wp:attachment":[{"href":"https:\/\/ferme-brochier05.fr\/index.php\/wp-json\/wp\/v2\/media?parent=842"}],"curies":[{"name":"wp","href":"https:\/\/api.w.org\/{rel}","templated":true}]}}