{"id":569,"date":"2018-10-03T22:56:27","date_gmt":"2018-10-03T20:56:27","guid":{"rendered":"http:\/\/ferme-brochier05.fr\/?page_id=569"},"modified":"2019-03-18T18:33:05","modified_gmt":"2019-03-18T17:33:05","slug":"les-pintades","status":"publish","type":"page","link":"https:\/\/ferme-brochier05.fr\/index.php\/les-pintades\/","title":{"rendered":"Les pintades"},"content":{"rendered":"<div id=\"pl-569\"  class=\"panel-layout\" ><div id=\"pg-569-0\"  class=\"panel-grid panel-no-style\" ><div id=\"pgc-569-0-0\"  class=\"panel-grid-cell\" ><div id=\"panel-569-0-0-0\" class=\"so-panel widget widget_sow-image panel-first-child panel-last-child\" data-index=\"0\" ><div\n\t\t\t\n\t\t\tclass=\"so-widget-sow-image so-widget-sow-image-default-113ccd71f3e6-569\"\n\t\t\t\n\t\t><h3 class=\"widget-title\">PINTADES <\/h3>\n<div class=\"sow-image-container\">\n\t\t<img \n\tsrc=\"https:\/\/ferme-brochier05.fr\/wp-content\/uploads\/2018\/10\/FERME-AVICOLE-Pintades-512X512-300x300.jpg\" width=\"300\" height=\"300\" srcset=\"https:\/\/ferme-brochier05.fr\/wp-content\/uploads\/2018\/10\/FERME-AVICOLE-Pintades-512X512-300x300.jpg 300w, https:\/\/ferme-brochier05.fr\/wp-content\/uploads\/2018\/10\/FERME-AVICOLE-Pintades-512X512-150x150.jpg 150w, https:\/\/ferme-brochier05.fr\/wp-content\/uploads\/2018\/10\/FERME-AVICOLE-Pintades-512X512-100x100.jpg 100w, https:\/\/ferme-brochier05.fr\/wp-content\/uploads\/2018\/10\/FERME-AVICOLE-Pintades-512X512.jpg 350w\" sizes=\"(max-width: 300px) 100vw, 300px\" title=\"PINTADES \" alt=\"\" \t\tclass=\"so-widget-image\"\/>\n\t<\/div>\n\n<\/div><\/div><\/div><div id=\"pgc-569-0-1\"  class=\"panel-grid-cell panel-grid-cell-empty\" ><\/div><div id=\"pgc-569-0-2\"  class=\"panel-grid-cell\" ><div id=\"panel-569-0-2-0\" class=\"so-panel widget widget_sow-editor panel-first-child panel-last-child\" data-index=\"1\" ><div class=\"panel-widget-style panel-widget-style-for-569-0-2-0\" ><div\n\t\t\t\n\t\t\tclass=\"so-widget-sow-editor so-widget-sow-editor-base\"\n\t\t\t\n\t\t>\n<div class=\"siteorigin-widget-tinymce textwidget\">\n\t<p><span style=\"vertical-align: inherit;\"><span style=\"vertical-align: inherit;\">Il s'agit de pintades de souches lourdes. <\/span><span style=\"vertical-align: inherit;\">Elles p\u00e8sent environ 1,7 kg \u00e0 12 semaines et peuvent atteindre 2,4 kgs \u00e0 2,5 kgs.<\/span><\/span><br \/>\n<span style=\"vertical-align: inherit;\"><span style=\"vertical-align: inherit;\">La pintade<\/span><\/span><span style=\"vertical-align: inherit;\"><span style=\"vertical-align: inherit;\"> \u00a0est reconnue pour\u00a0 <\/span><\/span><span style=\"vertical-align: inherit;\"><span style=\"vertical-align: inherit;\">la qualit\u00e9 gustative de sa chair.<\/span><\/span><span style=\"vertical-align: inherit;\"><span style=\"vertical-align: inherit;\">\u00a0<\/span><\/span><br \/>\n<span style=\"vertical-align: inherit;\"><span style=\"vertical-align: inherit;\">Le plumage de la pintade<\/span><\/span><span style=\"vertical-align: inherit;\"><span style=\"vertical-align: inherit;\"> \u00a0est gris-bleut\u00e9 perl\u00e9 de blanc.\u00a0<\/span><\/span><span style=\"vertical-align: inherit;\"><span style=\"vertical-align: inherit;\">La couleur de sa chair<\/span><\/span><span style=\"vertical-align: inherit;\"><span style=\"vertical-align: inherit;\">\u00a0 est orange-brun. <\/span><\/span><span style=\"vertical-align: inherit;\"><span style=\"vertical-align: inherit;\">Le poids moyen de la souche<\/span><\/span><span style=\"vertical-align: inherit;\"><span style=\"vertical-align: inherit;\"> lourde est de 2,5 kgs et peut atteindre 3 kgs. Toutes nos pintades sont\u00a0 <\/span><\/span><span style=\"vertical-align: inherit;\"><span style=\"vertical-align: inherit;\">vendues<\/span><\/span><span style=\"vertical-align: inherit;\"><span style=\"vertical-align: inherit;\">\u00a0\u00e9joint\u00e9es et ne peuvent ainsi pas s'envoler.<\/span><\/span><\/p>\n<\/div>\n<\/div><\/div><\/div><\/div><\/div><\/div>","protected":false},"excerpt":{"rendered":"<p>Il s&rsquo;agit de pintades de souches lourdes. Elles p\u00e8sent environ 1,7 kg \u00e0 12 semaines et peuvent atteindre 2,4 kgs \u00e0 2,5 kgs. La pintade \u00a0est reconnue pour\u00a0 la qualit\u00e9 gustative de sa chair.\u00a0 Le plumage de la pintade \u00a0est gris-bleut\u00e9 perl\u00e9 de blanc.\u00a0La couleur de sa chair\u00a0 est orange-brun. Le poids moyen de la &hellip; <\/p>\n<p class=\"link-more\"><a href=\"https:\/\/ferme-brochier05.fr\/index.php\/les-pintades\/\" class=\"more-link\">Continuer la lecture<span class=\"screen-reader-text\"> de &laquo;&nbsp;Les pintades&nbsp;&raquo;<\/span><\/a><\/p>\n","protected":false},"author":1,"featured_media":0,"parent":0,"menu_order":0,"comment_status":"closed","ping_status":"closed","template":"","meta":{"footnotes":""},"class_list":["post-569","page","type-page","status-publish","hentry"],"yoast_head":"<!-- This site is optimized with the Yoast SEO plugin v15.9.2 - https:\/\/yoast.com\/wordpress\/plugins\/seo\/ -->\n<title>Les pintades - Des poules dans mon jardin<\/title>\n<meta name=\"description\" content=\"La pintade est reconnue pour la qualit\u00e9 gustative de sa chair.Le plumage de la pintade est gris-bleut\u00e9 perl\u00e9 de blanc. La couleur de sa chair est orange-brun.Le poids moyen de la pintade de souche lourde est de 2,5 kg et peut atteindre 3 kg.Toutes nos pintades sont vendues \u00e9joint\u00e9es et ne peuvent ainsi pas s&#039;envoler.\" \/>\n<link rel=\"canonical\" href=\"https:\/\/ferme-brochier05.fr\/index.php\/les-pintades\/\" \/>\n<meta property=\"og:locale\" content=\"fr_FR\" \/>\n<meta property=\"og:type\" content=\"article\" \/>\n<meta property=\"og:title\" content=\"Les pintades - Des poules dans mon jardin\" \/>\n<meta property=\"og:description\" content=\"La pintade est reconnue pour la qualit\u00e9 gustative de sa chair.Le plumage de la pintade est gris-bleut\u00e9 perl\u00e9 de blanc. La couleur de sa chair est orange-brun.Le poids moyen de la pintade de souche lourde est de 2,5 kg et peut atteindre 3 kg.Toutes nos pintades sont vendues \u00e9joint\u00e9es et ne peuvent ainsi pas s&#039;envoler.\" \/>\n<meta property=\"og:url\" content=\"https:\/\/ferme-brochier05.fr\/index.php\/les-pintades\/\" \/>\n<meta property=\"og:site_name\" content=\"Des poules dans mon jardin\" \/>\n<meta property=\"article:modified_time\" content=\"2019-03-18T17:33:05+00:00\" \/>\n<meta name=\"twitter:card\" content=\"summary_large_image\" \/>\n<script type=\"application\/ld+json\" class=\"yoast-schema-graph\">{\"@context\":\"https:\/\/schema.org\",\"@graph\":[{\"@type\":\"WebSite\",\"@id\":\"https:\/\/ferme-brochier05.fr\/#website\",\"url\":\"https:\/\/ferme-brochier05.fr\/\",\"name\":\"Des poules dans mon jardin\",\"description\":\"Bienvenue \\u00e0 la Ferme Avicole BROCHIER\",\"potentialAction\":[{\"@type\":\"SearchAction\",\"target\":\"https:\/\/ferme-brochier05.fr\/?s={search_term_string}\",\"query-input\":\"required name=search_term_string\"}],\"inLanguage\":\"fr-FR\"},{\"@type\":\"WebPage\",\"@id\":\"https:\/\/ferme-brochier05.fr\/index.php\/les-pintades\/#webpage\",\"url\":\"https:\/\/ferme-brochier05.fr\/index.php\/les-pintades\/\",\"name\":\"Les pintades - Des poules dans mon jardin\",\"isPartOf\":{\"@id\":\"https:\/\/ferme-brochier05.fr\/#website\"},\"datePublished\":\"2018-10-03T20:56:27+00:00\",\"dateModified\":\"2019-03-18T17:33:05+00:00\",\"description\":\"La pintade est reconnue pour la qualit\\u00e9 gustative de sa chair.Le plumage de la pintade est gris-bleut\\u00e9 perl\\u00e9 de blanc. La couleur de sa chair est orange-brun.Le poids moyen de la pintade de souche lourde est de 2,5 kg et peut atteindre 3 kg.Toutes nos pintades sont vendues \\u00e9joint\\u00e9es et ne peuvent ainsi pas s'envoler.\",\"breadcrumb\":{\"@id\":\"https:\/\/ferme-brochier05.fr\/index.php\/les-pintades\/#breadcrumb\"},\"inLanguage\":\"fr-FR\",\"potentialAction\":[{\"@type\":\"ReadAction\",\"target\":[\"https:\/\/ferme-brochier05.fr\/index.php\/les-pintades\/\"]}]},{\"@type\":\"BreadcrumbList\",\"@id\":\"https:\/\/ferme-brochier05.fr\/index.php\/les-pintades\/#breadcrumb\",\"itemListElement\":[{\"@type\":\"ListItem\",\"position\":1,\"item\":{\"@type\":\"WebPage\",\"@id\":\"https:\/\/ferme-brochier05.fr\/\",\"url\":\"https:\/\/ferme-brochier05.fr\/\",\"name\":\"Accueil\"}},{\"@type\":\"ListItem\",\"position\":2,\"item\":{\"@type\":\"WebPage\",\"@id\":\"https:\/\/ferme-brochier05.fr\/index.php\/les-pintades\/\",\"url\":\"https:\/\/ferme-brochier05.fr\/index.php\/les-pintades\/\",\"name\":\"Les pintades\"}}]}]}<\/script>\n<!-- \/ Yoast SEO plugin. -->","_links":{"self":[{"href":"https:\/\/ferme-brochier05.fr\/index.php\/wp-json\/wp\/v2\/pages\/569","targetHints":{"allow":["GET"]}}],"collection":[{"href":"https:\/\/ferme-brochier05.fr\/index.php\/wp-json\/wp\/v2\/pages"}],"about":[{"href":"https:\/\/ferme-brochier05.fr\/index.php\/wp-json\/wp\/v2\/types\/page"}],"author":[{"embeddable":true,"href":"https:\/\/ferme-brochier05.fr\/index.php\/wp-json\/wp\/v2\/users\/1"}],"replies":[{"embeddable":true,"href":"https:\/\/ferme-brochier05.fr\/index.php\/wp-json\/wp\/v2\/comments?post=569"}],"version-history":[{"count":12,"href":"https:\/\/ferme-brochier05.fr\/index.php\/wp-json\/wp\/v2\/pages\/569\/revisions"}],"predecessor-version":[{"id":966,"href":"https:\/\/ferme-brochier05.fr\/index.php\/wp-json\/wp\/v2\/pages\/569\/revisions\/966"}],"wp:attachment":[{"href":"https:\/\/ferme-brochier05.fr\/index.php\/wp-json\/wp\/v2\/media?parent=569"}],"curies":[{"name":"wp","href":"https:\/\/api.w.org\/{rel}","templated":true}]}}