{"id":555,"date":"2018-10-03T22:46:16","date_gmt":"2018-10-03T20:46:16","guid":{"rendered":"http:\/\/ferme-brochier05.fr\/?page_id=555"},"modified":"2019-04-06T16:09:34","modified_gmt":"2019-04-06T14:09:34","slug":"les-poulets","status":"publish","type":"page","link":"https:\/\/ferme-brochier05.fr\/index.php\/les-poulets\/","title":{"rendered":"Les poulets"},"content":{"rendered":"<div id=\"pl-555\"  class=\"panel-layout\" ><div id=\"pg-555-0\"  class=\"panel-grid panel-no-style\" ><div id=\"pgc-555-0-0\"  class=\"panel-grid-cell\" ><div id=\"panel-555-0-0-0\" class=\"so-panel widget widget_sow-image panel-first-child panel-last-child\" data-index=\"0\" ><div\n\t\t\t\n\t\t\tclass=\"so-widget-sow-image so-widget-sow-image-default-113ccd71f3e6-555\"\n\t\t\t\n\t\t><h3 class=\"widget-title\">POULETS  COU NU ROUX<\/h3>\n<div class=\"sow-image-container\">\n\t\t<img \n\tsrc=\"https:\/\/ferme-brochier05.fr\/wp-content\/uploads\/2018\/10\/FERME-AVICOLE-POULET-COU-NU-ROUX-512X512-300x300.jpg\" width=\"300\" height=\"300\" srcset=\"https:\/\/ferme-brochier05.fr\/wp-content\/uploads\/2018\/10\/FERME-AVICOLE-POULET-COU-NU-ROUX-512X512-300x300.jpg 300w, https:\/\/ferme-brochier05.fr\/wp-content\/uploads\/2018\/10\/FERME-AVICOLE-POULET-COU-NU-ROUX-512X512-150x150.jpg 150w, https:\/\/ferme-brochier05.fr\/wp-content\/uploads\/2018\/10\/FERME-AVICOLE-POULET-COU-NU-ROUX-512X512-100x100.jpg 100w, https:\/\/ferme-brochier05.fr\/wp-content\/uploads\/2018\/10\/FERME-AVICOLE-POULET-COU-NU-ROUX-512X512.jpg 350w\" sizes=\"(max-width: 300px) 100vw, 300px\" title=\"POULETS  COU NU ROUX\" alt=\"\" \t\tclass=\"so-widget-image\"\/>\n\t<\/div>\n\n<\/div><\/div><\/div><div id=\"pgc-555-0-1\"  class=\"panel-grid-cell panel-grid-cell-empty\" ><\/div><div id=\"pgc-555-0-2\"  class=\"panel-grid-cell\" ><div id=\"panel-555-0-2-0\" class=\"so-panel widget widget_sow-editor panel-first-child panel-last-child\" data-index=\"1\" ><div class=\"panel-widget-style panel-widget-style-for-555-0-2-0\" ><div\n\t\t\t\n\t\t\tclass=\"so-widget-sow-editor so-widget-sow-editor-base\"\n\t\t\t\n\t\t>\n<div class=\"siteorigin-widget-tinymce textwidget\">\n\t<p>Poulet de chair. -Hybride issu de nombreux croisements.<br \/>\nLa croissance n'a qu'un seul objectif : assurer la meilleure qualit\u00e9 de viande sans jamais former de graisse.<br \/>\nPoids proche de 2 kgs \u00e0 10 semaines, mais peut tr\u00e8s bien \u00eatre \u00e9lev\u00e9 jusqu'\u00e0 14 ou 15 semaines en plein air comme en claustration, et atteindra plus de 2,5 kgs de poids moyen. La peau est tr\u00e8s fine, pratiquement sans graisse.<br \/>\nLe plumage est \u00e0 dominante roux.\u00a0Rusticit\u00e9 exceptionnelle.<br \/>\nLa viande comblera les plus d\u00e9licats tant dans la fermet\u00e9 de la chair, que dans la saveur de la viande ou que dans sa flaveur.<\/p>\n<\/div>\n<\/div><\/div><\/div><\/div><\/div><div id=\"pg-555-1\"  class=\"panel-grid panel-no-style\" ><div id=\"pgc-555-1-0\"  class=\"panel-grid-cell\" ><div id=\"panel-555-1-0-0\" class=\"so-panel widget widget_sow-image panel-first-child panel-last-child\" data-index=\"2\" ><div\n\t\t\t\n\t\t\tclass=\"so-widget-sow-image so-widget-sow-image-default-113ccd71f3e6-555\"\n\t\t\t\n\t\t><h3 class=\"widget-title\">POULETS GRIS CENDRE<\/h3>\n<div class=\"sow-image-container\">\n\t\t<img \n\tsrc=\"https:\/\/ferme-brochier05.fr\/wp-content\/uploads\/2018\/10\/FERME-AVICOLE-POULET-GREYBRO-512X512-300x300.jpg\" width=\"300\" height=\"300\" srcset=\"https:\/\/ferme-brochier05.fr\/wp-content\/uploads\/2018\/10\/FERME-AVICOLE-POULET-GREYBRO-512X512-300x300.jpg 300w, https:\/\/ferme-brochier05.fr\/wp-content\/uploads\/2018\/10\/FERME-AVICOLE-POULET-GREYBRO-512X512-150x150.jpg 150w, https:\/\/ferme-brochier05.fr\/wp-content\/uploads\/2018\/10\/FERME-AVICOLE-POULET-GREYBRO-512X512-100x100.jpg 100w, https:\/\/ferme-brochier05.fr\/wp-content\/uploads\/2018\/10\/FERME-AVICOLE-POULET-GREYBRO-512X512.jpg 350w\" sizes=\"(max-width: 300px) 100vw, 300px\" title=\"POULETS GRIS CENDRE\" alt=\"\" \t\tclass=\"so-widget-image\"\/>\n\t<\/div>\n\n<\/div><\/div><\/div><div id=\"pgc-555-1-1\"  class=\"panel-grid-cell panel-grid-cell-empty\" ><\/div><div id=\"pgc-555-1-2\"  class=\"panel-grid-cell\" ><div id=\"panel-555-1-2-0\" class=\"so-panel widget widget_sow-editor panel-first-child panel-last-child\" data-index=\"3\" ><div\n\t\t\t\n\t\t\tclass=\"so-widget-sow-editor so-widget-sow-editor-base\"\n\t\t\t\n\t\t>\n<div class=\"siteorigin-widget-tinymce textwidget\">\n\t<p>&nbsp;<\/p>\n<p>Le poulet cendr\u00e9\u00a0est un\u00a0poulet fermier\u00a0\u00e0\u00a0croissance moins rapide\u00a0que le poulet cou-nu. Il peut atteindre 3 \u00e0 3,5 kg en 18 semaines. il est r\u00e9put\u00e9 pour sa\u00a0viande tr\u00e8s go\u00fbteuse.<br \/>\nSon plumage est gris cendr\u00e9 avec quelques plumes dor\u00e9es, ses pattes sont bleues et sa chair est blanche.<\/p>\n<\/div>\n<\/div><\/div><\/div><\/div><div id=\"pg-555-2\"  class=\"panel-grid panel-no-style\" ><div id=\"pgc-555-2-0\"  class=\"panel-grid-cell\" ><div id=\"panel-555-2-0-0\" class=\"so-panel widget widget_sow-image panel-first-child panel-last-child\" data-index=\"4\" ><div\n\t\t\t\n\t\t\tclass=\"so-widget-sow-image so-widget-sow-image-default-113ccd71f3e6-555\"\n\t\t\t\n\t\t><h3 class=\"widget-title\">POULETS  ROUX S44<\/h3>\n<div class=\"sow-image-container\">\n\t\t<img \n\tsrc=\"https:\/\/ferme-brochier05.fr\/wp-content\/uploads\/2018\/10\/FERME-AVICOLE-POULET-S44-512X512-300x300.jpg\" width=\"300\" height=\"300\" srcset=\"https:\/\/ferme-brochier05.fr\/wp-content\/uploads\/2018\/10\/FERME-AVICOLE-POULET-S44-512X512-300x300.jpg 300w, https:\/\/ferme-brochier05.fr\/wp-content\/uploads\/2018\/10\/FERME-AVICOLE-POULET-S44-512X512-150x150.jpg 150w, https:\/\/ferme-brochier05.fr\/wp-content\/uploads\/2018\/10\/FERME-AVICOLE-POULET-S44-512X512-100x100.jpg 100w, https:\/\/ferme-brochier05.fr\/wp-content\/uploads\/2018\/10\/FERME-AVICOLE-POULET-S44-512X512.jpg 350w\" sizes=\"(max-width: 300px) 100vw, 300px\" title=\"POULETS  ROUX S44\" alt=\"\" \t\tclass=\"so-widget-image\"\/>\n\t<\/div>\n\n<\/div><\/div><\/div><div id=\"pgc-555-2-1\"  class=\"panel-grid-cell panel-grid-cell-empty\" ><\/div><div id=\"pgc-555-2-2\"  class=\"panel-grid-cell\" ><div id=\"panel-555-2-2-0\" class=\"so-panel widget widget_sow-editor panel-first-child panel-last-child\" data-index=\"5\" ><div class=\"panel-widget-style panel-widget-style-for-555-2-2-0\" ><div\n\t\t\t\n\t\t\tclass=\"so-widget-sow-editor so-widget-sow-editor-base\"\n\t\t\t\n\t\t>\n<div class=\"siteorigin-widget-tinymce textwidget\">\n\t<p style=\"text-align: left;\">Poulet de chair.<br \/>\nFamille des Cornish roux et des New Hampshire.<br \/>\nLa croissance associe la qualit\u00e9 de la viande et la performance.<br \/>\nPoids proche de 2 kgs \u00e0 8 semaines, poids optimal de l'ordre de 2,7 kgs vers la 10\u00e8me semaine.<br \/>\nLa peau est fine et ne cache pas de surcharge graisseuse.<br \/>\nPlumage roux fonc\u00e9, sous-plumage blanc, saumon.<br \/>\nRusticit\u00e9 exceptionnelle, plus de 98% de r\u00e9sultat d'\u00e9levage.<br \/>\nSupporte autant les parcours herbeux que l'\u00e9levage en claustration<\/p>\n<\/div>\n<\/div><\/div><\/div><\/div><\/div><\/div>","protected":false},"excerpt":{"rendered":"<p>Poulet de chair. -Hybride issu de nombreux croisements. La croissance n&rsquo;a qu&rsquo;un seul objectif : assurer la meilleure qualit\u00e9 de viande sans jamais former de graisse. Poids proche de 2 kgs \u00e0 10 semaines, mais peut tr\u00e8s bien \u00eatre \u00e9lev\u00e9 jusqu&rsquo;\u00e0 14 ou 15 semaines en plein air comme en claustration, et atteindra plus de &hellip; <\/p>\n<p class=\"link-more\"><a href=\"https:\/\/ferme-brochier05.fr\/index.php\/les-poulets\/\" class=\"more-link\">Continuer la lecture<span class=\"screen-reader-text\"> de &laquo;&nbsp;Les poulets&nbsp;&raquo;<\/span><\/a><\/p>\n","protected":false},"author":1,"featured_media":0,"parent":0,"menu_order":0,"comment_status":"closed","ping_status":"closed","template":"","meta":{"footnotes":""},"class_list":["post-555","page","type-page","status-publish","hentry"],"yoast_head":"<!-- This site is optimized with the Yoast SEO plugin v15.9.2 - https:\/\/yoast.com\/wordpress\/plugins\/seo\/ -->\n<title>Les poulets - Des poules dans mon jardin<\/title>\n<meta name=\"description\" content=\"Vous trouverez, dans notre \u00e9levage, des poules pondeuses de diff\u00e9rentes couleurs : rousses, noires, blanches et grises. Elles ont environ 20 semaines et commencent d\u00e9j\u00e0 \u00e0 pondre pour certaines.Vous pouvez m\u00e9langer les couleurs, elles s\u2019adaptent toutes ensembles.\" \/>\n<link rel=\"canonical\" href=\"https:\/\/ferme-brochier05.fr\/index.php\/les-poulets\/\" \/>\n<meta property=\"og:locale\" content=\"fr_FR\" \/>\n<meta property=\"og:type\" content=\"article\" \/>\n<meta property=\"og:title\" content=\"Les poulets - Des poules dans mon jardin\" \/>\n<meta property=\"og:description\" content=\"Vous trouverez, dans notre \u00e9levage, des poules pondeuses de diff\u00e9rentes couleurs : rousses, noires, blanches et grises. Elles ont environ 20 semaines et commencent d\u00e9j\u00e0 \u00e0 pondre pour certaines.Vous pouvez m\u00e9langer les couleurs, elles s\u2019adaptent toutes ensembles.\" \/>\n<meta property=\"og:url\" content=\"https:\/\/ferme-brochier05.fr\/index.php\/les-poulets\/\" \/>\n<meta property=\"og:site_name\" content=\"Des poules dans mon jardin\" \/>\n<meta property=\"article:modified_time\" content=\"2019-04-06T14:09:34+00:00\" \/>\n<meta name=\"twitter:card\" content=\"summary_large_image\" \/>\n<meta name=\"twitter:label1\" content=\"Dur\u00e9e de lecture est.\">\n\t<meta name=\"twitter:data1\" content=\"1 minute\">\n<script type=\"application\/ld+json\" class=\"yoast-schema-graph\">{\"@context\":\"https:\/\/schema.org\",\"@graph\":[{\"@type\":\"WebSite\",\"@id\":\"https:\/\/ferme-brochier05.fr\/#website\",\"url\":\"https:\/\/ferme-brochier05.fr\/\",\"name\":\"Des poules dans mon jardin\",\"description\":\"Bienvenue \\u00e0 la Ferme Avicole BROCHIER\",\"potentialAction\":[{\"@type\":\"SearchAction\",\"target\":\"https:\/\/ferme-brochier05.fr\/?s={search_term_string}\",\"query-input\":\"required name=search_term_string\"}],\"inLanguage\":\"fr-FR\"},{\"@type\":\"WebPage\",\"@id\":\"https:\/\/ferme-brochier05.fr\/index.php\/les-poulets\/#webpage\",\"url\":\"https:\/\/ferme-brochier05.fr\/index.php\/les-poulets\/\",\"name\":\"Les poulets - Des poules dans mon jardin\",\"isPartOf\":{\"@id\":\"https:\/\/ferme-brochier05.fr\/#website\"},\"datePublished\":\"2018-10-03T20:46:16+00:00\",\"dateModified\":\"2019-04-06T14:09:34+00:00\",\"description\":\"Vous trouverez, dans notre \\u00e9levage, des poules pondeuses de diff\\u00e9rentes couleurs : rousses, noires, blanches et grises. Elles ont environ 20 semaines et commencent d\\u00e9j\\u00e0 \\u00e0 pondre pour certaines.Vous pouvez m\\u00e9langer les couleurs, elles s\\u2019adaptent toutes ensembles.\",\"breadcrumb\":{\"@id\":\"https:\/\/ferme-brochier05.fr\/index.php\/les-poulets\/#breadcrumb\"},\"inLanguage\":\"fr-FR\",\"potentialAction\":[{\"@type\":\"ReadAction\",\"target\":[\"https:\/\/ferme-brochier05.fr\/index.php\/les-poulets\/\"]}]},{\"@type\":\"BreadcrumbList\",\"@id\":\"https:\/\/ferme-brochier05.fr\/index.php\/les-poulets\/#breadcrumb\",\"itemListElement\":[{\"@type\":\"ListItem\",\"position\":1,\"item\":{\"@type\":\"WebPage\",\"@id\":\"https:\/\/ferme-brochier05.fr\/\",\"url\":\"https:\/\/ferme-brochier05.fr\/\",\"name\":\"Accueil\"}},{\"@type\":\"ListItem\",\"position\":2,\"item\":{\"@type\":\"WebPage\",\"@id\":\"https:\/\/ferme-brochier05.fr\/index.php\/les-poulets\/\",\"url\":\"https:\/\/ferme-brochier05.fr\/index.php\/les-poulets\/\",\"name\":\"Les poulets\"}}]}]}<\/script>\n<!-- \/ Yoast SEO plugin. -->","_links":{"self":[{"href":"https:\/\/ferme-brochier05.fr\/index.php\/wp-json\/wp\/v2\/pages\/555","targetHints":{"allow":["GET"]}}],"collection":[{"href":"https:\/\/ferme-brochier05.fr\/index.php\/wp-json\/wp\/v2\/pages"}],"about":[{"href":"https:\/\/ferme-brochier05.fr\/index.php\/wp-json\/wp\/v2\/types\/page"}],"author":[{"embeddable":true,"href":"https:\/\/ferme-brochier05.fr\/index.php\/wp-json\/wp\/v2\/users\/1"}],"replies":[{"embeddable":true,"href":"https:\/\/ferme-brochier05.fr\/index.php\/wp-json\/wp\/v2\/comments?post=555"}],"version-history":[{"count":33,"href":"https:\/\/ferme-brochier05.fr\/index.php\/wp-json\/wp\/v2\/pages\/555\/revisions"}],"predecessor-version":[{"id":1008,"href":"https:\/\/ferme-brochier05.fr\/index.php\/wp-json\/wp\/v2\/pages\/555\/revisions\/1008"}],"wp:attachment":[{"href":"https:\/\/ferme-brochier05.fr\/index.php\/wp-json\/wp\/v2\/media?parent=555"}],"curies":[{"name":"wp","href":"https:\/\/api.w.org\/{rel}","templated":true}]}}