{"id":204,"date":"2018-09-21T14:40:43","date_gmt":"2018-09-21T12:40:43","guid":{"rendered":"http:\/\/ferme-brochier05.fr\/?page_id=204"},"modified":"2026-04-03T10:58:14","modified_gmt":"2026-04-03T08:58:14","slug":"a-la-ferme","status":"publish","type":"page","link":"https:\/\/ferme-brochier05.fr\/index.php\/a-la-ferme\/","title":{"rendered":"A LA FERME"},"content":{"rendered":"<div id=\"pl-204\"  class=\"panel-layout\" ><div id=\"pg-204-0\"  class=\"panel-grid panel-no-style\" ><div id=\"pgc-204-0-0\"  class=\"panel-grid-cell\" ><div id=\"panel-204-0-0-0\" class=\"so-panel widget widget_sow-image panel-first-child panel-last-child\" data-index=\"0\" ><div\n\t\t\t\n\t\t\tclass=\"so-widget-sow-image so-widget-sow-image-default-8b5b6f678277-204\"\n\t\t\t\n\t\t>\n<div class=\"sow-image-container\">\n\t\t<img \n\tsrc=\"https:\/\/ferme-brochier05.fr\/wp-content\/uploads\/2019\/02\/ACCUEIL-FERME-2019.jpg\" width=\"680\" height=\"512\" srcset=\"https:\/\/ferme-brochier05.fr\/wp-content\/uploads\/2019\/02\/ACCUEIL-FERME-2019.jpg 680w, https:\/\/ferme-brochier05.fr\/wp-content\/uploads\/2019\/02\/ACCUEIL-FERME-2019-300x226.jpg 300w\" sizes=\"(max-width: 680px) 100vw, 680px\" title=\"A LA FERME\" alt=\"\" \t\tclass=\"so-widget-image\"\/>\n\t<\/div>\n\n<\/div><\/div><\/div><div id=\"pgc-204-0-1\"  class=\"panel-grid-cell\" ><div id=\"panel-204-0-1-0\" class=\"so-panel widget widget_sow-editor panel-first-child panel-last-child\" data-index=\"1\" ><div\n\t\t\t\n\t\t\tclass=\"so-widget-sow-editor so-widget-sow-editor-base\"\n\t\t\t\n\t\t>\n<div class=\"siteorigin-widget-tinymce textwidget\">\n\t<div class=\"xdj266r x14z9mp xat24cr x1lziwak x1vvkbs x126k92a\">\n<div dir=\"auto\"><strong><span style=\"vertical-align: inherit;\">La Ferme Avicole BROCHIER\u00a0 reprend son activit\u00e9 d\u00e8s le 13 AVRIL\u00a0 <\/span><\/strong><\/div>\n<div dir=\"auto\"><\/div>\n<h3 dir=\"auto\">AVRIL<\/h3>\n<\/div>\n<div class=\"x14z9mp xat24cr x1lziwak x1vvkbs xtlvy1s x126k92a\">\n<div dir=\"auto\">Lundi 13 avril - GUILLESTRE 05 - Magasin le Cellier des Saisons<\/div>\n<div dir=\"auto\">Samedi 18 avril - RIANS 83 - Lieu \u00e0 d\u00e9finir<\/div>\n<div dir=\"auto\">Lundi 20 avril - LA MURE 38 - Magasin Payre<\/div>\n<div dir=\"auto\">Samedi 25 avril - TALLARD 05- Magasin Bricomarche<\/div>\n<div dir=\"auto\"><\/div>\n<\/div>\n<div class=\"x14z9mp xat24cr x1lziwak x1vvkbs xtlvy1s x126k92a\">\n<h3 dir=\"auto\">MAI<\/h3>\n<\/div>\n<div class=\"x14z9mp xat24cr x1lziwak x1vvkbs xtlvy1s x126k92a\">\n<div dir=\"auto\">Vendredi 1er mai - MENS 38 - Foire de MENS<\/div>\n<div dir=\"auto\">Lundi 4 mai - GAP 05 - Foire de Gap<\/div>\n<div dir=\"auto\">Vendredi 8 mai - TALLARD 05 - Magasin Bricomarche<\/div>\n<div dir=\"auto\">Dimanche 10 mai - ESPINASSES 05 - Foire aux plants<\/div>\n<div dir=\"auto\">Lundi 11 mai - GUILLESTRE 05 - Magasin Le Cellier des Saisons<\/div>\n<div dir=\"auto\">Vendredi 15 mai - MENS 38 - Magasin Payre<\/div>\n<div dir=\"auto\">Samedi 16 mai - MENS 38 - Magasin Payre<\/div>\n<div dir=\"auto\">Lundi 18 mai - LA MURE 38 - March\u00e9 de la Mure<\/div>\n<div dir=\"auto\">Samedi 23 mai - TALLARD 05 - Magasin Bricomarche<\/div>\n<div dir=\"auto\">Dimanche 31 mai - BARCELONNETTE 04 - Foire aux plants<\/div>\n<div dir=\"auto\"><\/div>\n<\/div>\n<div class=\"x14z9mp xat24cr x1lziwak x1vvkbs xtlvy1s x126k92a\">\n<h3 dir=\"auto\">JUIN<\/h3>\n<\/div>\n<div class=\"x14z9mp xat24cr x1lziwak x1vvkbs xtlvy1s x126k92a\">\n<div dir=\"auto\">Samedi 6 juin - TALLARD 05 - Magasin Bricomarche<\/div>\n<div dir=\"auto\">Lundi 8 juin - LA MURE 38 - March\u00e9 de la Mure<\/div>\n<div dir=\"auto\">Lundi 15 juin - GUILLESTRE 05 - Magasin Le Cellier des Saisons<\/div>\n<\/div>\n<div class=\"x14z9mp xat24cr x1lziwak x1vvkbs xtlvy1s x126k92a\">\n<div dir=\"auto\">Et bien sur \u00e0 la Ferme le soir apr\u00e8s 17h<\/div>\n<\/div>\n<p>&nbsp;<\/p>\n<p><strong><span style=\"vertical-align: inherit;\">VENTE \u00e0 la FERME\u00a0 (tous les soirs \u00e0 partir de 18h00) - le week-end except\u00e9 les jours de foire<\/span><\/strong><\/p>\n<p><span style=\"vertical-align: inherit;\"><span style=\"vertical-align: inherit;\">Il est pr\u00e9f\u00e9rable de pr\u00e9venir de votre passage.<\/span><\/span><\/p>\n<\/div>\n<\/div><\/div><\/div><\/div><\/div>","protected":false},"excerpt":{"rendered":"<p>La Ferme Avicole BROCHIER\u00a0 reprend son activit\u00e9 d\u00e8s le 13 AVRIL\u00a0 AVRIL Lundi 13 avril &#8211; GUILLESTRE 05 &#8211; Magasin le Cellier des Saisons Samedi 18 avril &#8211; RIANS 83 &#8211; Lieu \u00e0 d\u00e9finir Lundi 20 avril &#8211; LA MURE 38 &#8211; Magasin Payre Samedi 25 avril &#8211; TALLARD 05- Magasin Bricomarche MAI Vendredi 1er &hellip; <\/p>\n<p class=\"link-more\"><a href=\"https:\/\/ferme-brochier05.fr\/index.php\/a-la-ferme\/\" class=\"more-link\">Continuer la lecture<span class=\"screen-reader-text\"> de &laquo;&nbsp;A LA FERME&nbsp;&raquo;<\/span><\/a><\/p>\n","protected":false},"author":1,"featured_media":0,"parent":0,"menu_order":0,"comment_status":"closed","ping_status":"closed","template":"","meta":{"footnotes":""},"class_list":["post-204","page","type-page","status-publish","hentry"],"yoast_head":"<!-- This site is optimized with the Yoast SEO plugin v15.9.2 - https:\/\/yoast.com\/wordpress\/plugins\/seo\/ -->\n<title>A LA FERME - Des poules dans mon jardin<\/title>\n<link rel=\"canonical\" href=\"https:\/\/ferme-brochier05.fr\/index.php\/a-la-ferme\/\" \/>\n<meta property=\"og:locale\" content=\"fr_FR\" \/>\n<meta property=\"og:type\" content=\"article\" \/>\n<meta property=\"og:title\" content=\"A LA FERME - Des poules dans mon jardin\" \/>\n<meta property=\"og:description\" content=\"La Ferme Avicole BROCHIER\u00a0 reprend son activit\u00e9 d\u00e8s le 13 AVRIL\u00a0 AVRIL Lundi 13 avril - GUILLESTRE 05 - Magasin le Cellier des Saisons Samedi 18 avril - RIANS 83 - Lieu \u00e0 d\u00e9finir Lundi 20 avril - LA MURE 38 - Magasin Payre Samedi 25 avril - TALLARD 05- Magasin Bricomarche MAI Vendredi 1er &hellip; Continuer la lecture de &laquo;&nbsp;A LA FERME&nbsp;&raquo;\" \/>\n<meta property=\"og:url\" content=\"https:\/\/ferme-brochier05.fr\/index.php\/a-la-ferme\/\" \/>\n<meta property=\"og:site_name\" content=\"Des poules dans mon jardin\" \/>\n<meta property=\"article:modified_time\" content=\"2026-04-03T08:58:14+00:00\" \/>\n<meta name=\"twitter:card\" content=\"summary_large_image\" \/>\n<meta name=\"twitter:label1\" content=\"Dur\u00e9e de lecture est.\">\n\t<meta name=\"twitter:data1\" content=\"1 minute\">\n<script type=\"application\/ld+json\" class=\"yoast-schema-graph\">{\"@context\":\"https:\/\/schema.org\",\"@graph\":[{\"@type\":\"WebSite\",\"@id\":\"https:\/\/ferme-brochier05.fr\/#website\",\"url\":\"https:\/\/ferme-brochier05.fr\/\",\"name\":\"Des poules dans mon jardin\",\"description\":\"Bienvenue \\u00e0 la Ferme Avicole BROCHIER\",\"potentialAction\":[{\"@type\":\"SearchAction\",\"target\":\"https:\/\/ferme-brochier05.fr\/?s={search_term_string}\",\"query-input\":\"required name=search_term_string\"}],\"inLanguage\":\"fr-FR\"},{\"@type\":\"WebPage\",\"@id\":\"https:\/\/ferme-brochier05.fr\/index.php\/a-la-ferme\/#webpage\",\"url\":\"https:\/\/ferme-brochier05.fr\/index.php\/a-la-ferme\/\",\"name\":\"A LA FERME - Des poules dans mon jardin\",\"isPartOf\":{\"@id\":\"https:\/\/ferme-brochier05.fr\/#website\"},\"datePublished\":\"2018-09-21T12:40:43+00:00\",\"dateModified\":\"2026-04-03T08:58:14+00:00\",\"breadcrumb\":{\"@id\":\"https:\/\/ferme-brochier05.fr\/index.php\/a-la-ferme\/#breadcrumb\"},\"inLanguage\":\"fr-FR\",\"potentialAction\":[{\"@type\":\"ReadAction\",\"target\":[\"https:\/\/ferme-brochier05.fr\/index.php\/a-la-ferme\/\"]}]},{\"@type\":\"BreadcrumbList\",\"@id\":\"https:\/\/ferme-brochier05.fr\/index.php\/a-la-ferme\/#breadcrumb\",\"itemListElement\":[{\"@type\":\"ListItem\",\"position\":1,\"item\":{\"@type\":\"WebPage\",\"@id\":\"https:\/\/ferme-brochier05.fr\/\",\"url\":\"https:\/\/ferme-brochier05.fr\/\",\"name\":\"Accueil\"}},{\"@type\":\"ListItem\",\"position\":2,\"item\":{\"@type\":\"WebPage\",\"@id\":\"https:\/\/ferme-brochier05.fr\/index.php\/a-la-ferme\/\",\"url\":\"https:\/\/ferme-brochier05.fr\/index.php\/a-la-ferme\/\",\"name\":\"A LA FERME\"}}]}]}<\/script>\n<!-- \/ Yoast SEO plugin. -->","_links":{"self":[{"href":"https:\/\/ferme-brochier05.fr\/index.php\/wp-json\/wp\/v2\/pages\/204","targetHints":{"allow":["GET"]}}],"collection":[{"href":"https:\/\/ferme-brochier05.fr\/index.php\/wp-json\/wp\/v2\/pages"}],"about":[{"href":"https:\/\/ferme-brochier05.fr\/index.php\/wp-json\/wp\/v2\/types\/page"}],"author":[{"embeddable":true,"href":"https:\/\/ferme-brochier05.fr\/index.php\/wp-json\/wp\/v2\/users\/1"}],"replies":[{"embeddable":true,"href":"https:\/\/ferme-brochier05.fr\/index.php\/wp-json\/wp\/v2\/comments?post=204"}],"version-history":[{"count":29,"href":"https:\/\/ferme-brochier05.fr\/index.php\/wp-json\/wp\/v2\/pages\/204\/revisions"}],"predecessor-version":[{"id":1050,"href":"https:\/\/ferme-brochier05.fr\/index.php\/wp-json\/wp\/v2\/pages\/204\/revisions\/1050"}],"wp:attachment":[{"href":"https:\/\/ferme-brochier05.fr\/index.php\/wp-json\/wp\/v2\/media?parent=204"}],"curies":[{"name":"wp","href":"https:\/\/api.w.org\/{rel}","templated":true}]}}